{"id":4,"date":"2022-01-19T10:41:13","date_gmt":"2022-01-19T10:41:13","guid":{"rendered":"https:\/\/beautyandfit.de\/?page_id=4"},"modified":"2022-01-25T10:40:30","modified_gmt":"2022-01-25T10:40:30","slug":"willkommen-auf-https-beautyandfit-de","status":"publish","type":"page","link":"https:\/\/beautyandfit.de\/","title":{"rendered":"Ihr Erfolg ist unser Ziel"},"content":{"rendered":"\n<p class=\"has-medium-font-size\">Professionelle Unterst\u00fctzung und Motivation f\u00fcr die Bereiche:<\/p>\n\n\n\n<ul class=\"wp-block-list\"><li>K\u00f6rperfett reduzieren (subkutan &amp; Viszeralfett)<\/li><li>mehr Gewicht &amp; Muskelaufbau<\/li><li>Mehr Energie<\/li><li>Krankheitsrisiken vorbeugen<\/li><li>Detox<\/li><li>Fitness- und Sportcheck (optimale Energie, Ausdauer, Kraft- und Muskelaufbau, schnellere Regeneration, Sportern\u00e4hrung) <\/li><\/ul>\n\n\n\n<h2 class=\"wp-block-heading\"><\/h2>\n\n\n\n<p class=\"has-medium-font-size\">Kontakt<\/p>\n\n\n\n<p>Sylvia Gerling, B\u00fclowstr. 13, 65195 Wiesbaden, Tel: 0611-4060641<\/p>\n\n\n\n<h2 class=\"wp-block-heading\"><\/h2>\n\n\n\n<p class=\"has-medium-font-size\">So finden Sie mich<\/p>\n\n\n\n<p>Mit dem Auto<\/p>\n\n\n\n<p>1. Ring (Kaiser-Friedrich-Ring\/Bismarckring) \u2013 die n\u00e4chste Kreuzung nach der Dotzheimer Stra\u00dfe \u2013 auf der Linksabbiegerspur einordnen und links in die Bl\u00fccherstra\u00dfe abbiegen \u2013 dann gleich die 1. Stra\u00dfe rechts abbiegen (Bl\u00fccherplatz) bis zum Ende immer geradeaus durchfahren \u2013 Sie sto\u00dfen direkt auf die B\u00fclowstra\u00dfe.<\/p>\n\n\n\n<p>Mit dem Bus (vom Bahnhof)<\/p>\n\n\n\n<p>Mit der Linie 1 (Richtung D\u00fcrerplatz) fahren, aussteigen am Sedanplatz \u2013 den Platz \u00fcberqueren \u2013 geradeaus in die Westendstra\u00dfe, dann rechts abbiegen in die Roonstra\u00dfe dem Verlauf der Einbahnstra\u00dfe folgen.<\/p>\n\n\n\n<p>Mit dem Bus (vom Stadtgebiet)<\/p>\n\n\n\n<p>Mit der Linie14 (Richtung Klarenthal) fahren und zwei Haltestellen nach dem Platz der Deutschen Einheit an der Haltestelle Gneisenaustra\u00dfe aussteigen. Sie laufen in die Gneisenaustra\u00dfe und folgen immer dieser Stra\u00dfe. Sie queren die Yorckstra\u00dfe, die Westendstra\u00dfe und treffen dann auf die B\u00fclowstra\u00dfe.<\/p>\n\n\n\n<h2 class=\"wp-block-heading\"><\/h2>\n\n\n\n<figure class=\"wp-block-image size-full\"><img loading=\"lazy\" decoding=\"async\" width=\"436\" height=\"713\" src=\"https:\/\/beautyandfit.de\/wp-content\/uploads\/2022\/01\/lagepl3-2.gif\" alt=\"\" class=\"wp-image-201\"\/><figcaption>Wiesbaden, B\u00fclowstra\u00dfe 13  www.beautyandfit.de <\/figcaption><\/figure>\n\n\n<h1 style=\"font-size:0.5px;\" class=\"wp-block-site-title\"><a href=\"https:\/\/beautyandfit.de\" target=\"_self\" rel=\"home\">                                                                                            www.beautyandfit.de<\/a><\/h1>\n\n\n<p><\/p>\n","protected":false},"excerpt":{"rendered":"<p>Professionelle Unterst\u00fctzung und Motivation f\u00fcr die Bereiche: K\u00f6rperfett reduzieren (subkutan &amp; Viszeralfett) mehr Gewicht &amp; Muskelaufbau Mehr Energie Krankheitsrisiken vorbeugen Detox Fitness- und Sportcheck (optimale Energie, Ausdauer, Kraft- und Muskelaufbau, &hellip; <\/p>\n<p class=\"link-more\"><a href=\"https:\/\/beautyandfit.de\/\" class=\"more-link\"><span class=\"screen-reader-text\">\u201eIhr Erfolg ist unser Ziel\u201c <\/span>weiterlesen<\/a><\/p>\n","protected":false},"author":1,"featured_media":0,"parent":0,"menu_order":0,"comment_status":"closed","ping_status":"open","template":"","meta":{"footnotes":""},"class_list":["post-4","page","type-page","status-publish","hentry"],"_links":{"self":[{"href":"https:\/\/beautyandfit.de\/index.php?rest_route=\/wp\/v2\/pages\/4","targetHints":{"allow":["GET"]}}],"collection":[{"href":"https:\/\/beautyandfit.de\/index.php?rest_route=\/wp\/v2\/pages"}],"about":[{"href":"https:\/\/beautyandfit.de\/index.php?rest_route=\/wp\/v2\/types\/page"}],"author":[{"embeddable":true,"href":"https:\/\/beautyandfit.de\/index.php?rest_route=\/wp\/v2\/users\/1"}],"replies":[{"embeddable":true,"href":"https:\/\/beautyandfit.de\/index.php?rest_route=%2Fwp%2Fv2%2Fcomments&post=4"}],"version-history":[{"count":13,"href":"https:\/\/beautyandfit.de\/index.php?rest_route=\/wp\/v2\/pages\/4\/revisions"}],"predecessor-version":[{"id":258,"href":"https:\/\/beautyandfit.de\/index.php?rest_route=\/wp\/v2\/pages\/4\/revisions\/258"}],"wp:attachment":[{"href":"https:\/\/beautyandfit.de\/index.php?rest_route=%2Fwp%2Fv2%2Fmedia&parent=4"}],"curies":[{"name":"wp","href":"https:\/\/api.w.org\/{rel}","templated":true}]}}